{"id":3115,"date":"2026-03-30T13:29:50","date_gmt":"2026-03-30T11:29:50","guid":{"rendered":"https:\/\/aromacolors.pl\/pr-2\/"},"modified":"2026-03-30T16:02:48","modified_gmt":"2026-03-30T14:02:48","slug":"pr-2","status":"publish","type":"page","link":"https:\/\/aromacolors.pl\/fr\/pr-2\/","title":{"rendered":"Aromacolors devient Plant-Ex Ingredients Europe"},"content":{"rendered":"\t\t<div data-elementor-type=\"wp-page\" data-elementor-id=\"3115\" class=\"elementor elementor-3115 elementor-2986\" data-elementor-post-type=\"page\">\n\t\t\t\t\t\t<section class=\"elementor-section elementor-top-section elementor-element elementor-element-e30957d elementor-section-height-full elementor-section-full_width elementor-section-content-middle elementor-hidden-desktop elementor-hidden-tablet elementor-section-height-default elementor-section-items-middle\" data-id=\"e30957d\" data-element_type=\"section\" data-e-type=\"section\" data-settings=\"{&quot;background_background&quot;:&quot;classic&quot;}\">\n\t\t\t\t\t\t\t<div class=\"elementor-background-overlay\"><\/div>\n\t\t\t\t\t\t\t<div class=\"elementor-container elementor-column-gap-default\">\n\t\t\t\t\t<div class=\"elementor-column elementor-col-100 elementor-top-column elementor-element elementor-element-bf25d30\" data-id=\"bf25d30\" data-element_type=\"column\" data-e-type=\"column\">\n\t\t\t<div class=\"elementor-widget-wrap elementor-element-populated\">\n\t\t\t\t\t\t<section class=\"elementor-section elementor-inner-section elementor-element elementor-element-6d10819 elementor-section-boxed elementor-section-height-default elementor-section-height-default\" data-id=\"6d10819\" data-element_type=\"section\" data-e-type=\"section\">\n\t\t\t\t\t\t<div class=\"elementor-container elementor-column-gap-default\">\n\t\t\t\t\t<div class=\"elementor-column elementor-col-50 elementor-inner-column elementor-element elementor-element-0997fda\" data-id=\"0997fda\" data-element_type=\"column\" data-e-type=\"column\">\n\t\t\t<div class=\"elementor-widget-wrap elementor-element-populated\">\n\t\t\t\t\t\t<div class=\"elementor-element elementor-element-88cfff6 elementor-widget elementor-widget-heading\" data-id=\"88cfff6\" data-element_type=\"widget\" data-e-type=\"widget\" data-widget_type=\"heading.default\">\n\t\t\t\t<div class=\"elementor-widget-container\">\n\t\t\t\t\t<h2 class=\"elementor-heading-title elementor-size-default\">Communiqu\u00e9 de presse<\/h2>\t\t\t\t<\/div>\n\t\t\t\t<\/div>\n\t\t\t\t<div class=\"elementor-element elementor-element-bbec68a elementor-widget__width-initial elementor-invisible elementor-widget elementor-widget-heading\" data-id=\"bbec68a\" data-element_type=\"widget\" data-e-type=\"widget\" data-settings=\"{&quot;_animation&quot;:&quot;fadeIn&quot;,&quot;_animation_delay&quot;:&quot;100&quot;}\" data-widget_type=\"heading.default\">\n\t\t\t\t<div class=\"elementor-widget-container\">\n\t\t\t\t\t<h1 class=\"elementor-heading-title elementor-size-default\">Aromacolors devient Plant-Ex Ingredients Europe<\/h1>\t\t\t\t<\/div>\n\t\t\t\t<\/div>\n\t\t\t\t\t<\/div>\n\t\t<\/div>\n\t\t\t\t<div class=\"elementor-column elementor-col-50 elementor-inner-column elementor-element elementor-element-309ebf0\" data-id=\"309ebf0\" data-element_type=\"column\" data-e-type=\"column\">\n\t\t\t<div class=\"elementor-widget-wrap elementor-element-populated\">\n\t\t\t\t\t\t<div class=\"elementor-element elementor-element-db53fb1 elementor-widget__width-initial elementor-widget elementor-widget-image\" data-id=\"db53fb1\" data-element_type=\"widget\" data-e-type=\"widget\" data-widget_type=\"image.default\">\n\t\t\t\t<div class=\"elementor-widget-container\">\n\t\t\t\t\t\t\t\t\t\t\t\t\t\t\t<img fetchpriority=\"high\" decoding=\"async\" width=\"525\" height=\"278\" src=\"https:\/\/aromacolors.pl\/wp-content\/uploads\/2026\/03\/plant_ex_logo_white-1024x542.webp\" class=\"attachment-large size-large wp-image-3021\" alt=\"\" srcset=\"https:\/\/aromacolors.pl\/wp-content\/uploads\/2026\/03\/plant_ex_logo_white-1024x542.webp 1024w, https:\/\/aromacolors.pl\/wp-content\/uploads\/2026\/03\/plant_ex_logo_white-300x159.webp 300w, https:\/\/aromacolors.pl\/wp-content\/uploads\/2026\/03\/plant_ex_logo_white-768x406.webp 768w, https:\/\/aromacolors.pl\/wp-content\/uploads\/2026\/03\/plant_ex_logo_white-1536x813.webp 1536w, https:\/\/aromacolors.pl\/wp-content\/uploads\/2026\/03\/plant_ex_logo_white-2048x1084.webp 2048w\" sizes=\"100vw\" \/>\t\t\t\t\t\t\t\t\t\t\t\t\t\t\t<\/div>\n\t\t\t\t<\/div>\n\t\t\t\t\t<\/div>\n\t\t<\/div>\n\t\t\t\t\t<\/div>\n\t\t<\/section>\n\t\t\t\t\t<\/div>\n\t\t<\/div>\n\t\t\t\t\t<\/div>\n\t\t<\/section>\n\t\t\t\t<section class=\"elementor-section elementor-top-section elementor-element elementor-element-0921e1d elementor-section-full_width elementor-hidden-mobile elementor-section-height-default elementor-section-height-default\" data-id=\"0921e1d\" data-element_type=\"section\" data-e-type=\"section\" data-settings=\"{&quot;background_background&quot;:&quot;classic&quot;}\">\n\t\t\t\t\t\t\t<div class=\"elementor-background-overlay\"><\/div>\n\t\t\t\t\t\t\t<div class=\"elementor-container elementor-column-gap-default\">\n\t\t\t\t\t<div class=\"elementor-column elementor-col-100 elementor-top-column elementor-element elementor-element-bdc6f67\" data-id=\"bdc6f67\" data-element_type=\"column\" data-e-type=\"column\">\n\t\t\t<div class=\"elementor-widget-wrap elementor-element-populated\">\n\t\t\t\t\t\t<section class=\"elementor-section elementor-inner-section elementor-element elementor-element-7a5c355 elementor-section-boxed elementor-section-height-default elementor-section-height-default\" data-id=\"7a5c355\" data-element_type=\"section\" data-e-type=\"section\">\n\t\t\t\t\t\t\t<div class=\"elementor-background-overlay\"><\/div>\n\t\t\t\t\t\t\t<div class=\"elementor-container elementor-column-gap-default\">\n\t\t\t\t\t<div class=\"elementor-column elementor-col-50 elementor-inner-column elementor-element elementor-element-24c64a3\" data-id=\"24c64a3\" data-element_type=\"column\" data-e-type=\"column\">\n\t\t\t<div class=\"elementor-widget-wrap elementor-element-populated\">\n\t\t\t\t\t\t<div class=\"elementor-element elementor-element-d0484d3 elementor-widget elementor-widget-heading\" data-id=\"d0484d3\" data-element_type=\"widget\" data-e-type=\"widget\" data-widget_type=\"heading.default\">\n\t\t\t\t<div class=\"elementor-widget-container\">\n\t\t\t\t\t<h2 class=\"elementor-heading-title elementor-size-default\">Communiqu\u00e9 de presse<\/h2>\t\t\t\t<\/div>\n\t\t\t\t<\/div>\n\t\t\t\t<div class=\"elementor-element elementor-element-2d2e20c elementor-widget__width-initial elementor-invisible elementor-widget elementor-widget-heading\" data-id=\"2d2e20c\" data-element_type=\"widget\" data-e-type=\"widget\" data-settings=\"{&quot;_animation&quot;:&quot;fadeIn&quot;,&quot;_animation_delay&quot;:&quot;100&quot;}\" data-widget_type=\"heading.default\">\n\t\t\t\t<div class=\"elementor-widget-container\">\n\t\t\t\t\t<h1 class=\"elementor-heading-title elementor-size-default\">Aromacolors devient Plant-Ex Ingredients Europe<\/h1>\t\t\t\t<\/div>\n\t\t\t\t<\/div>\n\t\t\t\t\t<\/div>\n\t\t<\/div>\n\t\t\t\t<div class=\"elementor-column elementor-col-50 elementor-inner-column elementor-element elementor-element-abf36ae\" data-id=\"abf36ae\" data-element_type=\"column\" data-e-type=\"column\">\n\t\t\t<div class=\"elementor-widget-wrap elementor-element-populated\">\n\t\t\t\t\t\t<div class=\"elementor-element elementor-element-0209f15 elementor-widget elementor-widget-image\" data-id=\"0209f15\" data-element_type=\"widget\" data-e-type=\"widget\" data-widget_type=\"image.default\">\n\t\t\t\t<div class=\"elementor-widget-container\">\n\t\t\t\t\t\t\t\t\t\t\t\t\t\t\t<img fetchpriority=\"high\" decoding=\"async\" width=\"525\" height=\"278\" src=\"https:\/\/aromacolors.pl\/wp-content\/uploads\/2026\/03\/plant_ex_logo_white-1024x542.webp\" class=\"attachment-large size-large wp-image-3021\" alt=\"\" srcset=\"https:\/\/aromacolors.pl\/wp-content\/uploads\/2026\/03\/plant_ex_logo_white-1024x542.webp 1024w, https:\/\/aromacolors.pl\/wp-content\/uploads\/2026\/03\/plant_ex_logo_white-300x159.webp 300w, https:\/\/aromacolors.pl\/wp-content\/uploads\/2026\/03\/plant_ex_logo_white-768x406.webp 768w, https:\/\/aromacolors.pl\/wp-content\/uploads\/2026\/03\/plant_ex_logo_white-1536x813.webp 1536w, https:\/\/aromacolors.pl\/wp-content\/uploads\/2026\/03\/plant_ex_logo_white-2048x1084.webp 2048w\" sizes=\"100vw\" \/>\t\t\t\t\t\t\t\t\t\t\t\t\t\t\t<\/div>\n\t\t\t\t<\/div>\n\t\t\t\t\t<\/div>\n\t\t<\/div>\n\t\t\t\t\t<\/div>\n\t\t<\/section>\n\t\t\t\t\t<\/div>\n\t\t<\/div>\n\t\t\t\t\t<\/div>\n\t\t<\/section>\n\t\t\t\t<section class=\"elementor-section elementor-top-section elementor-element elementor-element-6cbe8ed7 elementor-section-full_width elementor-reverse-mobile elementor-section-stretched elementor-section-height-default elementor-section-height-default\" data-id=\"6cbe8ed7\" data-element_type=\"section\" data-e-type=\"section\" data-settings=\"{&quot;background_background&quot;:&quot;classic&quot;,&quot;stretch_section&quot;:&quot;section-stretched&quot;,&quot;shape_divider_bottom&quot;:&quot;mountains&quot;}\">\n\t\t\t\t\t<div class=\"elementor-shape elementor-shape-bottom\" aria-hidden=\"true\" data-negative=\"false\">\n\t\t\t<svg xmlns=\"http:\/\/www.w3.org\/2000\/svg\" viewBox=\"0 0 1000 100\" preserveAspectRatio=\"none\">\n\t<path class=\"elementor-shape-fill\" opacity=\"0.33\" d=\"M473,67.3c-203.9,88.3-263.1-34-320.3,0C66,119.1,0,59.7,0,59.7V0h1000v59.7 c0,0-62.1,26.1-94.9,29.3c-32.8,3.3-62.8-12.3-75.8-22.1C806,49.6,745.3,8.7,694.9,4.7S492.4,59,473,67.3z\"\/>\n\t<path class=\"elementor-shape-fill\" opacity=\"0.66\" d=\"M734,67.3c-45.5,0-77.2-23.2-129.1-39.1c-28.6-8.7-150.3-10.1-254,39.1 s-91.7-34.4-149.2,0C115.7,118.3,0,39.8,0,39.8V0h1000v36.5c0,0-28.2-18.5-92.1-18.5C810.2,18.1,775.7,67.3,734,67.3z\"\/>\n\t<path class=\"elementor-shape-fill\" d=\"M766.1,28.9c-200-57.5-266,65.5-395.1,19.5C242,1.8,242,5.4,184.8,20.6C128,35.8,132.3,44.9,89.9,52.5C28.6,63.7,0,0,0,0 h1000c0,0-9.9,40.9-83.6,48.1S829.6,47,766.1,28.9z\"\/>\n<\/svg>\t\t<\/div>\n\t\t\t\t\t<div class=\"elementor-container elementor-column-gap-no\">\n\t\t\t\t\t<div class=\"elementor-column elementor-col-100 elementor-top-column elementor-element elementor-element-12e10bb2\" data-id=\"12e10bb2\" data-element_type=\"column\" data-e-type=\"column\">\n\t\t\t<div class=\"elementor-widget-wrap elementor-element-populated\">\n\t\t\t\t\t\t<div class=\"elementor-element elementor-element-44066b35 elementor-invisible elementor-widget elementor-widget-heading\" data-id=\"44066b35\" data-element_type=\"widget\" data-e-type=\"widget\" data-settings=\"{&quot;_animation&quot;:&quot;fadeIn&quot;,&quot;_animation_delay&quot;:&quot;200&quot;}\" data-widget_type=\"heading.default\">\n\t\t\t\t<div class=\"elementor-widget-container\">\n\t\t\t\t\t<h3 class=\"elementor-heading-title elementor-size-default\">Nous vous informons que le nom de notre soci\u00e9t\u00e9 Aromacolors a \u00e9t\u00e9 chang\u00e9 en Plant-Ex Ingredients Europe. \u00c0 compter du 1er mai 2026, le site aromacolors.pl sera transf\u00e9r\u00e9 vers plant-ex.com, o\u00f9 toutes les demandes et commandes seront trait\u00e9es comme d\u2019habitude.  <\/h3>\t\t\t\t<\/div>\n\t\t\t\t<\/div>\n\t\t\t\t\t<\/div>\n\t\t<\/div>\n\t\t\t\t\t<\/div>\n\t\t<\/section>\n\t\t\t\t<section class=\"elementor-section elementor-top-section elementor-element elementor-element-58d99a6 elementor-section-full_width elementor-section-height-default elementor-section-height-default\" data-id=\"58d99a6\" data-element_type=\"section\" data-e-type=\"section\">\n\t\t\t\t\t\t<div class=\"elementor-container elementor-column-gap-default\">\n\t\t\t\t\t<div class=\"elementor-column elementor-col-50 elementor-top-column elementor-element elementor-element-f2519f9\" data-id=\"f2519f9\" data-element_type=\"column\" data-e-type=\"column\">\n\t\t\t<div class=\"elementor-widget-wrap elementor-element-populated\">\n\t\t\t\t\t\t<div class=\"elementor-element elementor-element-208fa159 elementor-widget elementor-widget-text-editor\" data-id=\"208fa159\" data-element_type=\"widget\" data-e-type=\"widget\" data-widget_type=\"text-editor.default\">\n\t\t\t\t<div class=\"elementor-widget-container\">\n\t\t\t\t\t\t\t\t\t<p><strong>Ancienne d\u00e9nomination:<\/strong><br>Aromacolors sp. Z o.o.<br>Ul. Sk\u00f3rzewska 33<br>62-081 Wysogotowo  <\/p><p>Nouvelle d\u00e9nomination:<br><strong>PLANT-EX INGREDIENTS EUROPE SP\u00d3\u0141KA Z OGRANICZON\u0104<\/strong><br><strong>ODPOWIEDZIALNO\u015aCI\u0104<\/strong><br>Sk\u00f3rzewska 33<br>Wysogotowo 62-081<\/p><p>Cette modification a \u00e9t\u00e9 enregistr\u00e9e au Registre National Judiciaire (KRS) sous le num\u00e9ro<strong> KRS 0000707631<\/strong>.<\/p><p><strong>Informations importantes:<\/strong><\/p><p>Les num\u00e9ros de TVA (NIP), REGON, les coordonn\u00e9es bancaires ainsi que l\u2019adresse du si\u00e8ge social restent inchang\u00e9s.<\/p><p>Ce changement de d\u00e9nomination n\u2019affecte ni la continuit\u00e9 des contrats en cours, ni la validit\u00e9 des commandes, ni les droits et obligations d\u00e9coulant de notre collaboration.<\/p><p>Nous vous remercions de bien vouloir prendre en compte cette modification dans vos syst\u00e8mes et d\u2019utiliser d\u00e9sormais notre nouvelle d\u00e9nomination dans toute correspondance, ainsi que sur vos factures et documents officiels.<\/p>\t\t\t\t\t\t\t\t<\/div>\n\t\t\t\t<\/div>\n\t\t\t\t\t<\/div>\n\t\t<\/div>\n\t\t\t\t<div class=\"elementor-column elementor-col-50 elementor-top-column elementor-element elementor-element-ae608b0\" data-id=\"ae608b0\" data-element_type=\"column\" data-e-type=\"column\">\n\t\t\t<div class=\"elementor-widget-wrap elementor-element-populated\">\n\t\t\t\t\t\t<div class=\"elementor-element elementor-element-aeba4f3 elementor-widget elementor-widget-image\" data-id=\"aeba4f3\" data-element_type=\"widget\" data-e-type=\"widget\" data-widget_type=\"image.default\">\n\t\t\t\t<div class=\"elementor-widget-container\">\n\t\t\t\t\t\t\t\t\t\t\t\t\t\t\t<img decoding=\"async\" width=\"525\" height=\"278\" src=\"https:\/\/aromacolors.pl\/wp-content\/uploads\/2026\/03\/plant_ex_logo_color2-1024x542.webp\" class=\"attachment-large size-large wp-image-3048\" alt=\"\" srcset=\"https:\/\/aromacolors.pl\/wp-content\/uploads\/2026\/03\/plant_ex_logo_color2-1024x542.webp 1024w, https:\/\/aromacolors.pl\/wp-content\/uploads\/2026\/03\/plant_ex_logo_color2-300x159.webp 300w, https:\/\/aromacolors.pl\/wp-content\/uploads\/2026\/03\/plant_ex_logo_color2-768x406.webp 768w, https:\/\/aromacolors.pl\/wp-content\/uploads\/2026\/03\/plant_ex_logo_color2-1536x813.webp 1536w, https:\/\/aromacolors.pl\/wp-content\/uploads\/2026\/03\/plant_ex_logo_color2-2048x1084.webp 2048w\" sizes=\"100vw\" \/>\t\t\t\t\t\t\t\t\t\t\t\t\t\t\t<\/div>\n\t\t\t\t<\/div>\n\t\t\t\t\t<\/div>\n\t\t<\/div>\n\t\t\t\t\t<\/div>\n\t\t<\/section>\n\t\t\t\t<\/div>\n\t\t","protected":false},"excerpt":{"rendered":"<p>Communiqu\u00e9 de presse Aromacolors devient Plant-Ex Ingredients Europe Communiqu\u00e9 de presse Aromacolors devient Plant-Ex Ingredients Europe Nous vous informons que le nom de notre soci\u00e9t\u00e9 Aromacolors a \u00e9t\u00e9 chang\u00e9 en Plant-Ex Ingredients Europe. \u00c0 compter du 1er mai 2026, le site aromacolors.pl sera transf\u00e9r\u00e9 vers plant-ex.com, o\u00f9 toutes les demandes et commandes seront trait\u00e9es comme &hellip; <\/p>\n<p class=\"link-more\"><a href=\"https:\/\/aromacolors.pl\/fr\/pr-2\/\" class=\"more-link\">Continuer la lecture<span class=\"screen-reader-text\"> de &laquo;&nbsp;Aromacolors devient Plant-Ex Ingredients Europe&nbsp;&raquo;<\/span><\/a><\/p>\n","protected":false},"author":2,"featured_media":0,"parent":0,"menu_order":0,"comment_status":"closed","ping_status":"closed","template":"elementor_header_footer","meta":{"footnotes":""},"class_list":["post-3115","page","type-page","status-publish","hentry"],"yoast_head":"<!-- This site is optimized with the Yoast SEO plugin v27.4 - https:\/\/yoast.com\/product\/yoast-seo-wordpress\/ -->\n<title>Aromacolors devient Plant-Ex Ingredients Europe - AromaColors<\/title>\n<meta name=\"description\" content=\"Plant-Ex Ingredients acquiert Aromacolors : une \u00e9tape strat\u00e9gique renfor\u00e7ant sa position de fabricant leader de colorants et d\u2019ar\u00f4mes naturels\" \/>\n<meta name=\"robots\" content=\"index, follow, max-snippet:-1, max-image-preview:large, max-video-preview:-1\" \/>\n<link rel=\"canonical\" href=\"https:\/\/aromacolors.pl\/fr\/pr-2\/\" \/>\n<meta property=\"og:locale\" content=\"fr_FR\" \/>\n<meta property=\"og:type\" content=\"article\" \/>\n<meta property=\"og:title\" content=\"Aromacolors devient Plant-Ex Ingredients Europe - AromaColors\" \/>\n<meta property=\"og:description\" content=\"Plant-Ex Ingredients acquiert Aromacolors : une \u00e9tape strat\u00e9gique renfor\u00e7ant sa position de fabricant leader de colorants et d\u2019ar\u00f4mes naturels\" \/>\n<meta property=\"og:url\" content=\"https:\/\/aromacolors.pl\/fr\/pr-2\/\" \/>\n<meta property=\"og:site_name\" content=\"AromaColors\" \/>\n<meta property=\"article:modified_time\" content=\"2026-03-30T14:02:48+00:00\" \/>\n<meta property=\"og:image\" content=\"https:\/\/aromacolors.pl\/wp-content\/uploads\/2026\/03\/plant_ex_logo_white-scaled.webp\" \/>\n\t<meta property=\"og:image:width\" content=\"2560\" \/>\n\t<meta property=\"og:image:height\" content=\"1355\" \/>\n\t<meta property=\"og:image:type\" content=\"image\/webp\" \/>\n<meta name=\"twitter:card\" content=\"summary_large_image\" \/>\n<meta name=\"twitter:label1\" content=\"Dur\u00e9e de lecture estim\u00e9e\" \/>\n\t<meta name=\"twitter:data1\" content=\"1 minute\" \/>\n<script type=\"application\/ld+json\" class=\"yoast-schema-graph\">{\"@context\":\"https:\\\/\\\/schema.org\",\"@graph\":[{\"@type\":\"WebPage\",\"@id\":\"https:\\\/\\\/aromacolors.pl\\\/fr\\\/pr-2\\\/\",\"url\":\"https:\\\/\\\/aromacolors.pl\\\/fr\\\/pr-2\\\/\",\"name\":\"Aromacolors devient Plant-Ex Ingredients Europe - AromaColors\",\"isPartOf\":{\"@id\":\"https:\\\/\\\/aromacolors.pl\\\/#website\"},\"primaryImageOfPage\":{\"@id\":\"https:\\\/\\\/aromacolors.pl\\\/fr\\\/pr-2\\\/#primaryimage\"},\"image\":{\"@id\":\"https:\\\/\\\/aromacolors.pl\\\/fr\\\/pr-2\\\/#primaryimage\"},\"thumbnailUrl\":\"https:\\\/\\\/aromacolors.pl\\\/wp-content\\\/uploads\\\/2026\\\/03\\\/plant_ex_logo_white-1024x542.webp\",\"datePublished\":\"2026-03-30T11:29:50+00:00\",\"dateModified\":\"2026-03-30T14:02:48+00:00\",\"description\":\"Plant-Ex Ingredients acquiert Aromacolors : une \u00e9tape strat\u00e9gique renfor\u00e7ant sa position de fabricant leader de colorants et d\u2019ar\u00f4mes naturels\",\"breadcrumb\":{\"@id\":\"https:\\\/\\\/aromacolors.pl\\\/fr\\\/pr-2\\\/#breadcrumb\"},\"inLanguage\":\"fr-FR\",\"potentialAction\":[{\"@type\":\"ReadAction\",\"target\":[\"https:\\\/\\\/aromacolors.pl\\\/fr\\\/pr-2\\\/\"]}]},{\"@type\":\"ImageObject\",\"inLanguage\":\"fr-FR\",\"@id\":\"https:\\\/\\\/aromacolors.pl\\\/fr\\\/pr-2\\\/#primaryimage\",\"url\":\"https:\\\/\\\/aromacolors.pl\\\/wp-content\\\/uploads\\\/2026\\\/03\\\/plant_ex_logo_white-1024x542.webp\",\"contentUrl\":\"https:\\\/\\\/aromacolors.pl\\\/wp-content\\\/uploads\\\/2026\\\/03\\\/plant_ex_logo_white-1024x542.webp\"},{\"@type\":\"BreadcrumbList\",\"@id\":\"https:\\\/\\\/aromacolors.pl\\\/fr\\\/pr-2\\\/#breadcrumb\",\"itemListElement\":[{\"@type\":\"ListItem\",\"position\":1,\"name\":\"Strona g\u0142\u00f3wna\",\"item\":\"https:\\\/\\\/aromacolors.pl\\\/\"},{\"@type\":\"ListItem\",\"position\":2,\"name\":\"Aromacolors devient Plant-Ex Ingredients Europe\"}]},{\"@type\":\"WebSite\",\"@id\":\"https:\\\/\\\/aromacolors.pl\\\/#website\",\"url\":\"https:\\\/\\\/aromacolors.pl\\\/\",\"name\":\"AromaColors\",\"description\":\"Smaki i kolory natury\",\"publisher\":{\"@id\":\"https:\\\/\\\/aromacolors.pl\\\/#organization\"},\"potentialAction\":[{\"@type\":\"SearchAction\",\"target\":{\"@type\":\"EntryPoint\",\"urlTemplate\":\"https:\\\/\\\/aromacolors.pl\\\/?s={search_term_string}\"},\"query-input\":{\"@type\":\"PropertyValueSpecification\",\"valueRequired\":true,\"valueName\":\"search_term_string\"}}],\"inLanguage\":\"fr-FR\"},{\"@type\":\"Organization\",\"@id\":\"https:\\\/\\\/aromacolors.pl\\\/#organization\",\"name\":\"Aromacolors Sp. z o.o.\",\"url\":\"https:\\\/\\\/aromacolors.pl\\\/\",\"logo\":{\"@type\":\"ImageObject\",\"inLanguage\":\"fr-FR\",\"@id\":\"https:\\\/\\\/aromacolors.pl\\\/#\\\/schema\\\/logo\\\/image\\\/\",\"url\":\"https:\\\/\\\/aromacolors.pl\\\/wp-content\\\/uploads\\\/2020\\\/03\\\/image001.png\",\"contentUrl\":\"https:\\\/\\\/aromacolors.pl\\\/wp-content\\\/uploads\\\/2020\\\/03\\\/image001.png\",\"width\":494,\"height\":154,\"caption\":\"Aromacolors Sp. z o.o.\"},\"image\":{\"@id\":\"https:\\\/\\\/aromacolors.pl\\\/#\\\/schema\\\/logo\\\/image\\\/\"}}]}<\/script>\n<!-- \/ Yoast SEO plugin. -->","yoast_head_json":{"title":"Aromacolors devient Plant-Ex Ingredients Europe - AromaColors","description":"Plant-Ex Ingredients acquiert Aromacolors : une \u00e9tape strat\u00e9gique renfor\u00e7ant sa position de fabricant leader de colorants et d\u2019ar\u00f4mes naturels","robots":{"index":"index","follow":"follow","max-snippet":"max-snippet:-1","max-image-preview":"max-image-preview:large","max-video-preview":"max-video-preview:-1"},"canonical":"https:\/\/aromacolors.pl\/fr\/pr-2\/","og_locale":"fr_FR","og_type":"article","og_title":"Aromacolors devient Plant-Ex Ingredients Europe - AromaColors","og_description":"Plant-Ex Ingredients acquiert Aromacolors : une \u00e9tape strat\u00e9gique renfor\u00e7ant sa position de fabricant leader de colorants et d\u2019ar\u00f4mes naturels","og_url":"https:\/\/aromacolors.pl\/fr\/pr-2\/","og_site_name":"AromaColors","article_modified_time":"2026-03-30T14:02:48+00:00","og_image":[{"width":2560,"height":1355,"url":"https:\/\/aromacolors.pl\/wp-content\/uploads\/2026\/03\/plant_ex_logo_white-scaled.webp","type":"image\/webp"}],"twitter_card":"summary_large_image","twitter_misc":{"Dur\u00e9e de lecture estim\u00e9e":"1 minute"},"schema":{"@context":"https:\/\/schema.org","@graph":[{"@type":"WebPage","@id":"https:\/\/aromacolors.pl\/fr\/pr-2\/","url":"https:\/\/aromacolors.pl\/fr\/pr-2\/","name":"Aromacolors devient Plant-Ex Ingredients Europe - AromaColors","isPartOf":{"@id":"https:\/\/aromacolors.pl\/#website"},"primaryImageOfPage":{"@id":"https:\/\/aromacolors.pl\/fr\/pr-2\/#primaryimage"},"image":{"@id":"https:\/\/aromacolors.pl\/fr\/pr-2\/#primaryimage"},"thumbnailUrl":"https:\/\/aromacolors.pl\/wp-content\/uploads\/2026\/03\/plant_ex_logo_white-1024x542.webp","datePublished":"2026-03-30T11:29:50+00:00","dateModified":"2026-03-30T14:02:48+00:00","description":"Plant-Ex Ingredients acquiert Aromacolors : une \u00e9tape strat\u00e9gique renfor\u00e7ant sa position de fabricant leader de colorants et d\u2019ar\u00f4mes naturels","breadcrumb":{"@id":"https:\/\/aromacolors.pl\/fr\/pr-2\/#breadcrumb"},"inLanguage":"fr-FR","potentialAction":[{"@type":"ReadAction","target":["https:\/\/aromacolors.pl\/fr\/pr-2\/"]}]},{"@type":"ImageObject","inLanguage":"fr-FR","@id":"https:\/\/aromacolors.pl\/fr\/pr-2\/#primaryimage","url":"https:\/\/aromacolors.pl\/wp-content\/uploads\/2026\/03\/plant_ex_logo_white-1024x542.webp","contentUrl":"https:\/\/aromacolors.pl\/wp-content\/uploads\/2026\/03\/plant_ex_logo_white-1024x542.webp"},{"@type":"BreadcrumbList","@id":"https:\/\/aromacolors.pl\/fr\/pr-2\/#breadcrumb","itemListElement":[{"@type":"ListItem","position":1,"name":"Strona g\u0142\u00f3wna","item":"https:\/\/aromacolors.pl\/"},{"@type":"ListItem","position":2,"name":"Aromacolors devient Plant-Ex Ingredients Europe"}]},{"@type":"WebSite","@id":"https:\/\/aromacolors.pl\/#website","url":"https:\/\/aromacolors.pl\/","name":"AromaColors","description":"Smaki i kolory natury","publisher":{"@id":"https:\/\/aromacolors.pl\/#organization"},"potentialAction":[{"@type":"SearchAction","target":{"@type":"EntryPoint","urlTemplate":"https:\/\/aromacolors.pl\/?s={search_term_string}"},"query-input":{"@type":"PropertyValueSpecification","valueRequired":true,"valueName":"search_term_string"}}],"inLanguage":"fr-FR"},{"@type":"Organization","@id":"https:\/\/aromacolors.pl\/#organization","name":"Aromacolors Sp. z o.o.","url":"https:\/\/aromacolors.pl\/","logo":{"@type":"ImageObject","inLanguage":"fr-FR","@id":"https:\/\/aromacolors.pl\/#\/schema\/logo\/image\/","url":"https:\/\/aromacolors.pl\/wp-content\/uploads\/2020\/03\/image001.png","contentUrl":"https:\/\/aromacolors.pl\/wp-content\/uploads\/2020\/03\/image001.png","width":494,"height":154,"caption":"Aromacolors Sp. z o.o."},"image":{"@id":"https:\/\/aromacolors.pl\/#\/schema\/logo\/image\/"}}]}},"_links":{"self":[{"href":"https:\/\/aromacolors.pl\/fr\/wp-json\/wp\/v2\/pages\/3115","targetHints":{"allow":["GET"]}}],"collection":[{"href":"https:\/\/aromacolors.pl\/fr\/wp-json\/wp\/v2\/pages"}],"about":[{"href":"https:\/\/aromacolors.pl\/fr\/wp-json\/wp\/v2\/types\/page"}],"author":[{"embeddable":true,"href":"https:\/\/aromacolors.pl\/fr\/wp-json\/wp\/v2\/users\/2"}],"replies":[{"embeddable":true,"href":"https:\/\/aromacolors.pl\/fr\/wp-json\/wp\/v2\/comments?post=3115"}],"version-history":[{"count":2,"href":"https:\/\/aromacolors.pl\/fr\/wp-json\/wp\/v2\/pages\/3115\/revisions"}],"predecessor-version":[{"id":3134,"href":"https:\/\/aromacolors.pl\/fr\/wp-json\/wp\/v2\/pages\/3115\/revisions\/3134"}],"wp:attachment":[{"href":"https:\/\/aromacolors.pl\/fr\/wp-json\/wp\/v2\/media?parent=3115"}],"curies":[{"name":"wp","href":"https:\/\/api.w.org\/{rel}","templated":true}]}}