{"id":806,"date":"2020-04-09T19:25:47","date_gmt":"2020-04-09T17:25:47","guid":{"rendered":"https:\/\/aromacolors.pl\/polityka-prywatnosci\/"},"modified":"2020-04-20T19:44:17","modified_gmt":"2020-04-20T17:44:17","slug":"politique-de-confidentialite","status":"publish","type":"page","link":"https:\/\/aromacolors.pl\/fr\/politique-de-confidentialite\/","title":{"rendered":"Politique de confidentialit\u00e9"},"content":{"rendered":"\t\t<div data-elementor-type=\"wp-page\" data-elementor-id=\"806\" class=\"elementor elementor-806 elementor-423\" data-elementor-post-type=\"page\">\n\t\t\t\t\t\t<section class=\"elementor-section elementor-top-section elementor-element elementor-element-4e18266 elementor-section-boxed elementor-section-height-default elementor-section-height-default\" data-id=\"4e18266\" data-element_type=\"section\" data-e-type=\"section\">\n\t\t\t\t\t\t<div class=\"elementor-container elementor-column-gap-default\">\n\t\t\t\t\t<div class=\"elementor-column elementor-col-100 elementor-top-column elementor-element elementor-element-397a20a\" data-id=\"397a20a\" data-element_type=\"column\" data-e-type=\"column\">\n\t\t\t<div class=\"elementor-widget-wrap elementor-element-populated\">\n\t\t\t\t\t\t<div class=\"elementor-element elementor-element-79e2a01 elementor-widget elementor-widget-heading\" data-id=\"79e2a01\" data-element_type=\"widget\" data-e-type=\"widget\" data-widget_type=\"heading.default\">\n\t\t\t\t<div class=\"elementor-widget-container\">\n\t\t\t\t\t<h2 class=\"elementor-heading-title elementor-size-default\">Politique de confidentialit\u00e9<\/h2>\t\t\t\t<\/div>\n\t\t\t\t<\/div>\n\t\t\t\t\t<\/div>\n\t\t<\/div>\n\t\t\t\t\t<\/div>\n\t\t<\/section>\n\t\t\t\t<section class=\"elementor-section elementor-top-section elementor-element elementor-element-0897fc9 elementor-section-boxed elementor-section-height-default elementor-section-height-default\" data-id=\"0897fc9\" data-element_type=\"section\" data-e-type=\"section\">\n\t\t\t\t\t\t<div class=\"elementor-container elementor-column-gap-default\">\n\t\t\t\t\t<div class=\"elementor-column elementor-col-100 elementor-top-column elementor-element elementor-element-9f9c17d\" data-id=\"9f9c17d\" data-element_type=\"column\" data-e-type=\"column\">\n\t\t\t<div class=\"elementor-widget-wrap elementor-element-populated\">\n\t\t\t\t\t\t<div class=\"elementor-element elementor-element-aafc767 elementor-widget elementor-widget-text-editor\" data-id=\"aafc767\" data-element_type=\"widget\" data-e-type=\"widget\" data-widget_type=\"text-editor.default\">\n\t\t\t\t<div class=\"elementor-widget-container\">\n\t\t\t\t\t\t\t\t\t<p><strong> <b>\u00a7<\/b>1 Pr\u00e9ambule<\/strong><\/p>\n<ol>\n<li>La pr\u00e9sente Politique de Confidentialit\u00e9 d\u00e9finit les r\u00e8gles applicables au traitement des donn\u00e9es personnelles par le site web www.aromacolors.pl (ci-apr\u00e8s nomm\u00e9 \u00ab\u00a0le site\u00a0\u00bb).<\/li>\n<li>L\u2019administrateur des donn\u00e9es personnelles des Utilisateurs du site est\u00a0Aromacolors Sp. z o. o. ayant son si\u00e8ge social \u00e0 Wysogotowo, ul. Sk\u00f3rzewska 33, 62-081 Wysogotowo, NIP<a href=\"#_ftn1\" name=\"_ftnref1\">[1]<\/a> 7811959875, KRS<a href=\"#_ftn2\" name=\"_ftnref2\">[2]<\/a> 0000707631, ci-apr\u00e8s nomm\u00e9e \u00ab Aromacolors \u00bb.<\/li>\n<\/ol>\n<p><strong> <b>\u00a7<\/b>2 Caract\u00e8re des donn\u00e9es personnelles, leurs objectives et base juridique <\/strong><\/p>\n<ol>\n<li>Aromacolors collecte des information sur les Utilisateurs du site, soit les personnes physiques exer\u00e7ant une activit\u00e9 \u00e9conomique ou professionnelle en leur propre nom et les personnes physiques repr\u00e9sentant les personnes morales ou les entit\u00e9s organisationnelles n\u2019\u00e9tant pas les personnes morales, mais dont la capacit\u00e9 juridique est leur conf\u00e9r\u00e9e par la loi, ainsi que les personnes exer\u00e7ant une activit\u00e9 \u00e9conomique ou professionnelle en leur nom.<\/li>\n<li>Les donn\u00e9es personnelles des Utilisateurs sont trait\u00e9es selon les dispositions ci-dessous :<br \/>\na) placer des commandes sur le site afin d\u2019ex\u00e9cuter un contrat (Article 6, paragraphe 1, point b du RGPD),<br \/>\nb) utiliser les formulaires de contact disponibles sur le site afin d\u2019ex\u00e9cuter un contrat de prestation d\u2019un service offert par le formulaire \u00e9lectronique (Article 6, paragraphe 1, point b du RGPD),<br \/>\nc) respecter par Aromacolors les obligations l\u00e9gales d\u00e9coulant des l\u00e9gislations nationales et celles de l\u2019Union europ\u00e9enne (Article 6, paragraphe 1, point c du RGPD),<br \/>\nd) contester d\u2019\u00e9ventuelles revendications soumises par les Utilisateurs contre l\u2019Administrateur afin de poursuivre les int\u00e9r\u00eats l\u00e9gitimes de l\u2019Administrateur portant sur la contestation d\u2019\u00e9ventuelles revendications (Article 6, paragraphe 1, point f du RGPD),<br \/>\ne) fournir aupr\u00e8s de l\u2019Utilisateur l\u2019ensemble des contenus marketing afin de poursuivre l\u2019int\u00e9r\u00eat l\u00e9gitime d\u2019Aromacolors portant sur la promotion directe de ses services (Article 6, paragraphe 1, point f du RGPD),<br \/>\nf) effecteur des analyses et des statistiques concernant la fr\u00e9quentation du site, y compris les informations sur les liens et les r\u00e9f\u00e9rences affich\u00e9s par les Utilisateurs lors de leurs visites, afin de poursuivre l\u2019int\u00e9r\u00eat l\u00e9gitime d\u2019Aromacolors portant sur la possibilit\u00e9 de maintenir des analyses et des statistiques pertinentes, d\u2019am\u00e9liorer la qualit\u00e9 des services rendus \u00e9lectroniquement ainsi que de d\u00e9velopper la fonctionnalit\u00e9 desdits services (Article 6, paragraphe 1, point f du RGPD).<\/li>\n<li>Afin de placer une commande sur le site, l\u2019Utilisateur est oblig\u00e9 de fournir les coordonn\u00e9es suivantes :<br \/>\na) adresse e-mail,<br \/>\nb) adresse de domicile: code postale, ville, nom de rue et d\u2019immeuble\/d\u2019appartement,<br \/>\nc) nom et pr\u00e9nom,<br \/>\ndnum\u00e9ro de t\u00e9l\u00e9phone.<\/li>\n<li>Si une commande est soumise par une soci\u00e9t\u00e9,\u00a0la port\u00e9e des coordonn\u00e9es doivent \u00eatre \u00e9largie des \u00e9l\u00e9ments suivants\u00a0:<br \/>\na) nom de la soci\u00e9t\u00e9 compl\u00e8te,<br \/>\nb) num\u00e9ro identifiant TVA (NIP),<br \/>\nc) numer SIRET (REGON).<\/li>\n<li>Si une commande est d\u00e9pos\u00e9e via le formulaire de contact, l\u2019Utilisateur est oblig\u00e9 de fournir les coordonn\u00e9es suivantes :<br \/>\na) adresse e-mail,<br \/>\nb) nom et pr\u00e9nom,<br \/>\nc) num\u00e9ro de t\u00e9l\u00e9phone,<br \/>\nd) nom de la soci\u00e9t\u00e9 si l\u2019Utilisateur est son repr\u00e9sentant.<\/li>\n<li>Lors de l\u2019utilisation du site, certaines donn\u00e9es suppl\u00e9mentaires peuvent \u00eatre trait\u00e9es, notamment l\u2019adresse IP attribu\u00e9e \u00e0 l\u2019appareil de l\u2019Utilisateur ou l\u2019adresse IP externe du fournisseur de services Internet, le nom de domaine, le type de navigateur, le temps d\u2019acc\u00e8s, le type de syst\u00e8me op\u00e9rationnel.<\/li>\n<li>La fourniture des informations personnelles aupr\u00e8s d\u2019Aromacolors via les formulaires de contact est volontaire mais n\u00e9cessaire pour passer et r\u00e9aliser des commandes ainsi que pour profiter pleinement des fonctionnalit\u00e9s du site.<\/li>\n<li>L\u2019Utilisateur a le droit d\u2019acc\u00e9der \u00e0 l\u2019ensemble de ses donn\u00e9es personnelles, \u00e0 les rectifier, \u00e0 les supprimer, \u00e0 limiter le champ de leur traitement (si les donn\u00e9es sont trait\u00e9es dans le respect de l\u2019int\u00e9r\u00eat l\u00e9gitime d\u2019Aromacolors) ainsi qu\u2019\u00e0 transf\u00e9rer lesdites donn\u00e9es \u00e0 un autre Administrateur. De plus, l\u2019Utilisateur peut d\u00e9poser toute plainte aupr\u00e8s du Pr\u00e9sident de l&rsquo;Office pour la protection des donn\u00e9es personnelles (ul. Stawki 2, 00-193 Varsovie).<\/li>\n<li style=\"list-style-type: none;\"><\/li>\n<\/ol>\n<p><strong> <b>\u00a7<\/b>3 Divulgation des informations personnelles et dur\u00e9e de leur conservation<\/strong><\/p>\n<ol>\n<li>Les donn\u00e9es personnelles de l\u2019Utilisateur sont divulgu\u00e9es aupr\u00e8s des prestataires de services rendus au profit d\u2019Aromacolors dans le cadre du fonctionnement du site. Lesdits fournisseurs remplissent de diff\u00e9rentes fonctions, dont les suivantes :<br \/>\na) agir en tant que processeurs ; dans le cas \u00e9voqu\u00e9, ils traitent les informations personnelles exclusivement \u00e0 la demande d\u2019Aromacolors. Cette modalit\u00e9 inclut principalement les prestations suivantes : l\u2019h\u00e9bergement, la comptabilit\u00e9, le marketing, les syst\u00e8mes d\u2019analyse du trafic r\u00e9seau du site, les syst\u00e8mes d\u2019analyse de l\u2019efficacit\u00e9 de campagnes marketing,<br \/>\nb) agir en tant qu\u2019administrateurs ind\u00e9pendants ; ces entit\u00e9s d\u00e9finissent les objectives et les m\u00e9thodes de traitement des donn\u00e9es personnelles de fa\u00e7on ind\u00e9pendante.<\/li>\n<li>Les donn\u00e9es personnelles des Utilisateurs sont conserv\u00e9es dans les cas ci-dessous\u00a0:<br \/>\na) Si les donn\u00e9es personnelles sont trait\u00e9es sous r\u00e9serve du consentement de l\u2019Utilisateur aussi longtemps qu\u2019il est en vigueur et une fois retir\u00e9, durant la p\u00e9riode de prescription pour les revendications soumises par Aromacolors ainsi que pour les revendications qui peuvent \u00eatre d\u00e9pos\u00e9es contre Aromacolors. Sauf stipulation contraire, ladite p\u00e9riode de prescription est 6 ans mais 3 ans pour les revendications au titre des prestations p\u00e9riodiques ainsi que pour les revendications portant sur l\u2019exercice d\u2019une activit\u00e9 \u00e9conomique.<br \/>\nb) Si le traitement des donn\u00e9es personnelles est indispensable pour ex\u00e9cuter un contrat, lesdites donn\u00e9es sont trait\u00e9es par Aromacolors aussi longtemps que n\u00e9cessaire pour ex\u00e9cuter un contrat et une fois termin\u00e9, durant la p\u00e9riode de prescription des revendications. Sauf stipulation contraire, ladite p\u00e9riode de prescription est 6 ans mais 3 ans pour les revendications au titre des prestations p\u00e9riodiques ainsi que pour les revendications portant sur l\u2019exercice d\u2019une activit\u00e9 \u00e9conomique.<\/li>\n<li>Les informations de navigation peuvent \u00eatre trait\u00e9es afin d\u2019am\u00e9liorer les services du site, d\u2019effectuer des analyses statistiques, d\u2019adapter le site aux pr\u00e9f\u00e9rences des Utilisateurs et de le g\u00e9rer correctement.<\/li>\n<\/ol>\n<p><strong> <b>\u00a7<\/b>4 Cookies, <\/strong><strong>adresse IP<\/strong><strong>\u00a0<\/strong><\/p>\n<ol>\n<li>Le site utilise des cookies, soit de petites donn\u00e9es textuelles enregistr\u00e9es sur l\u2019appareil final d\u2019un visiteur du site (ordinateur, smartphone, tablette) si son navigateur les accepte. Les cookies peuvent \u00eatre lus par le syst\u00e8me TIC de l\u2019Op\u00e9rateur et d\u2019autres entit\u00e9s.<\/li>\n<li>Aromacolors stocke les cookies sur l\u2019appareil final de l\u2019Utilisateur pour obtenir l\u2019acc\u00e8s \u00e0 \u00a0l\u2019ensemble des informations \u00e0 des fins statistiques et marketing ainsi que pour assurer le bon fonctionnement du site.<\/li>\n<li>Aromacolors s\u2019oblige \u00e0 informer les Utilisateurs du site du fait que certaines configurations du navigateur peuvent bloquer le stockage de cookies sur l\u2019appareil final.<\/li>\n<li>Aromacolors souligne qu\u2019une fois enregistr\u00e9s par celui-ci, les cookies peuvent \u00eatre supprim\u00e9s par l\u2019Utilisateur des mani\u00e8res suivantes\u00a0: en activant certaines fonctions du navigateur, en installant des logiciels d\u00e9finis ou en mettant en place certains outils fournis par le syst\u00e8me op\u00e9rationnel de l\u2019Utilisateur.<\/li>\n<li>Aromacolors indique que configurer le navigateur, de fa\u00e7on qu\u2019il devienne impossible de stocker les cookies ou que ce stockage soit limit\u00e9, peut impacter le fonctionnement des services. Le m\u00eame effet peut \u00eatre observ\u00e9 si les cookies sont supprim\u00e9s lors de la prestation du service.<\/li>\n<li>Aromacolors se r\u00e9serve le droit de collecter les adresses IP des Utilisateurs. L\u2019adresse IP est attribu\u00e9e \u00e0 l\u2019ordinateur d\u2019un visiteur du site par le fournisseur de services Internet. L\u2019adresse IP permet l\u2019acc\u00e8s \u00e0 l\u2019Internet. Le num\u00e9ro d\u2019identification IP est, dans l\u2019immense majorit\u00e9 des cas, attribu\u00e9 dynamiquement, ce qui signifie qu\u2019il change apr\u00e8s chaque red\u00e9marrage. Aromacolors utilise l\u2019adresse IP pour diagnostiquer les probl\u00e8mes techniques du serveur, pour effectuer des analyses statistiques (collecter les donn\u00e9es associ\u00e9es \u00e0 la localisation des visiteurs), pour g\u00e9rer et am\u00e9liorer le fonctionnement du site ainsi que pour augmenter le niveau de s\u00e9curit\u00e9 et identifier d\u2019\u00e9ventuels logiciels automatiques non d\u00e9sir\u00e9s qui risquent d\u2019entra\u00eener des surcharges du serveur lors de la lecture du contenu du site.<\/li>\n<li>Le site contient des liens et des r\u00e9f\u00e9rences \u00e0 d\u2019autres site web. Aromacolors d\u00e9cline toute responsabilit\u00e9 pour les principes de la protection des donn\u00e9es personnelles en vigueur sur les sites externes.<strong style=\"font-size: 1rem;\">\u00a0<\/strong><\/li>\n<\/ol>\n<p><strong> <b>\u00a7<\/b>5 S\u00e9curit\u00e9 des informations personnelles<\/strong><\/p>\n<p>Aromacolors s\u2019oblige \u00e0 faire en sorte que la transmission des donn\u00e9es personnelles de ses Utilisateurs soit effectu\u00e9e par une connexion crypt\u00e9e et s\u00e9curis\u00e9e. Lors de la collecte desdites donn\u00e9es, Aromacolors utilise un certificat SSL \u00e9mis par une autorit\u00e9 se sp\u00e9cialisant dans la s\u00e9curit\u00e9 et le cryptage des informations transf\u00e9r\u00e9es sur le r\u00e9seau.<strong>\u00a0<\/strong><\/p>\n<p><strong> <b>\u00a7<\/b>6 Modification de la Politique de confidentialit\u00e9<\/strong><\/p>\n<ol>\n<li>La pr\u00e9sente Politique de confidentialit\u00e9 peut \u00eatre modifi\u00e9e, ce qui sera communiqu\u00e9 aux Utilisateurs avec un pr\u00e9avis de 7 jours.<\/li>\n<li>Toute question portant sur le contenu de la Politique de confidentialit\u00e9 et sur le traitement des donn\u00e9es personnelles peut \u00eatre transmise \u00e0 l\u2019adresse e-mail suivante\u00a0: <a href=\"mailto:biuro@aromacolors.pl\">biuro@aromacolors.pl<\/a><\/li>\n<li>Derni\u00e8re date de modification\u00a0: 3\/04\/2020.<\/li>\n<\/ol>\n<p>Politique de confidentialit\u00e9 001 2020.04.07<\/p>\n<p><a href=\"#_ftnref1\" name=\"_ftn1\">[1]<\/a> Num\u00e9ro identifiant TVA<\/p>\n<p><a href=\"#_ftnref2\" name=\"_ftn2\">[2]<\/a> Registre National Juridique<\/p>\n\t\t\t\t\t\t\t\t<\/div>\n\t\t\t\t<\/div>\n\t\t\t\t\t<\/div>\n\t\t<\/div>\n\t\t\t\t\t<\/div>\n\t\t<\/section>\n\t\t\t\t<section class=\"elementor-section elementor-top-section elementor-element elementor-element-66e65f4 elementor-section-boxed elementor-section-height-default elementor-section-height-default\" data-id=\"66e65f4\" data-element_type=\"section\" data-e-type=\"section\">\n\t\t\t\t\t\t<div class=\"elementor-container elementor-column-gap-default\">\n\t\t\t\t\t<div class=\"elementor-column elementor-col-100 elementor-top-column elementor-element elementor-element-39bec10\" data-id=\"39bec10\" data-element_type=\"column\" data-e-type=\"column\">\n\t\t\t<div class=\"elementor-widget-wrap\">\n\t\t\t\t\t\t\t<\/div>\n\t\t<\/div>\n\t\t\t\t\t<\/div>\n\t\t<\/section>\n\t\t\t\t<\/div>\n\t\t","protected":false},"excerpt":{"rendered":"<p>Politique de confidentialit\u00e9 \u00a71 Pr\u00e9ambule La pr\u00e9sente Politique de Confidentialit\u00e9 d\u00e9finit les r\u00e8gles applicables au traitement des donn\u00e9es personnelles par le site web www.aromacolors.pl (ci-apr\u00e8s nomm\u00e9 \u00ab\u00a0le site\u00a0\u00bb). L\u2019administrateur des donn\u00e9es personnelles des Utilisateurs du site est\u00a0Aromacolors Sp. z o. o. ayant son si\u00e8ge social \u00e0 Wysogotowo, ul. Sk\u00f3rzewska 33, 62-081 Wysogotowo, NIP[1] 7811959875, KRS[2] &hellip; <\/p>\n<p class=\"link-more\"><a href=\"https:\/\/aromacolors.pl\/fr\/politique-de-confidentialite\/\" class=\"more-link\">Continuer la lecture<span class=\"screen-reader-text\"> de &laquo;&nbsp;Politique de confidentialit\u00e9&nbsp;&raquo;<\/span><\/a><\/p>\n","protected":false},"author":1,"featured_media":0,"parent":0,"menu_order":0,"comment_status":"closed","ping_status":"closed","template":"elementor_header_footer","meta":{"footnotes":""},"class_list":["post-806","page","type-page","status-publish","hentry"],"yoast_head":"<!-- This site is optimized with the Yoast SEO plugin v27.4 - https:\/\/yoast.com\/product\/yoast-seo-wordpress\/ -->\n<title>Politique de confidentialit\u00e9 - AromaColors<\/title>\n<meta name=\"robots\" content=\"index, nofollow, max-snippet:-1, max-image-preview:large, max-video-preview:-1\" \/>\n<link rel=\"canonical\" href=\"https:\/\/aromacolors.pl\/fr\/politique-de-confidentialite\/\" \/>\n<meta property=\"og:locale\" content=\"fr_FR\" \/>\n<meta property=\"og:type\" content=\"article\" \/>\n<meta property=\"og:title\" content=\"Politique de confidentialit\u00e9 - AromaColors\" \/>\n<meta property=\"og:description\" content=\"Politique de confidentialit\u00e9 \u00a71 Pr\u00e9ambule La pr\u00e9sente Politique de Confidentialit\u00e9 d\u00e9finit les r\u00e8gles applicables au traitement des donn\u00e9es personnelles par le site web www.aromacolors.pl (ci-apr\u00e8s nomm\u00e9 \u00ab\u00a0le site\u00a0\u00bb). L\u2019administrateur des donn\u00e9es personnelles des Utilisateurs du site est\u00a0Aromacolors Sp. z o. o. ayant son si\u00e8ge social \u00e0 Wysogotowo, ul. Sk\u00f3rzewska 33, 62-081 Wysogotowo, NIP[1] 7811959875, KRS[2] &hellip; Continuer la lecture de &laquo;&nbsp;Politique de confidentialit\u00e9&nbsp;&raquo;\" \/>\n<meta property=\"og:url\" content=\"https:\/\/aromacolors.pl\/fr\/politique-de-confidentialite\/\" \/>\n<meta property=\"og:site_name\" content=\"AromaColors\" \/>\n<meta property=\"article:modified_time\" content=\"2020-04-20T17:44:17+00:00\" \/>\n<meta name=\"twitter:card\" content=\"summary_large_image\" \/>\n<meta name=\"twitter:label1\" content=\"Dur\u00e9e de lecture estim\u00e9e\" \/>\n\t<meta name=\"twitter:data1\" content=\"8 minutes\" \/>\n<script type=\"application\/ld+json\" class=\"yoast-schema-graph\">{\"@context\":\"https:\\\/\\\/schema.org\",\"@graph\":[{\"@type\":\"WebPage\",\"@id\":\"https:\\\/\\\/aromacolors.pl\\\/fr\\\/politique-de-confidentialite\\\/\",\"url\":\"https:\\\/\\\/aromacolors.pl\\\/fr\\\/politique-de-confidentialite\\\/\",\"name\":\"Politique de confidentialit\u00e9 - AromaColors\",\"isPartOf\":{\"@id\":\"https:\\\/\\\/aromacolors.pl\\\/#website\"},\"datePublished\":\"2020-04-09T17:25:47+00:00\",\"dateModified\":\"2020-04-20T17:44:17+00:00\",\"breadcrumb\":{\"@id\":\"https:\\\/\\\/aromacolors.pl\\\/fr\\\/politique-de-confidentialite\\\/#breadcrumb\"},\"inLanguage\":\"fr-FR\",\"potentialAction\":[{\"@type\":\"ReadAction\",\"target\":[\"https:\\\/\\\/aromacolors.pl\\\/fr\\\/politique-de-confidentialite\\\/\"]}]},{\"@type\":\"BreadcrumbList\",\"@id\":\"https:\\\/\\\/aromacolors.pl\\\/fr\\\/politique-de-confidentialite\\\/#breadcrumb\",\"itemListElement\":[{\"@type\":\"ListItem\",\"position\":1,\"name\":\"Strona g\u0142\u00f3wna\",\"item\":\"https:\\\/\\\/aromacolors.pl\\\/\"},{\"@type\":\"ListItem\",\"position\":2,\"name\":\"Politique de confidentialit\u00e9\"}]},{\"@type\":\"WebSite\",\"@id\":\"https:\\\/\\\/aromacolors.pl\\\/#website\",\"url\":\"https:\\\/\\\/aromacolors.pl\\\/\",\"name\":\"AromaColors\",\"description\":\"Smaki i kolory natury\",\"publisher\":{\"@id\":\"https:\\\/\\\/aromacolors.pl\\\/#organization\"},\"potentialAction\":[{\"@type\":\"SearchAction\",\"target\":{\"@type\":\"EntryPoint\",\"urlTemplate\":\"https:\\\/\\\/aromacolors.pl\\\/?s={search_term_string}\"},\"query-input\":{\"@type\":\"PropertyValueSpecification\",\"valueRequired\":true,\"valueName\":\"search_term_string\"}}],\"inLanguage\":\"fr-FR\"},{\"@type\":\"Organization\",\"@id\":\"https:\\\/\\\/aromacolors.pl\\\/#organization\",\"name\":\"Aromacolors Sp. z o.o.\",\"url\":\"https:\\\/\\\/aromacolors.pl\\\/\",\"logo\":{\"@type\":\"ImageObject\",\"inLanguage\":\"fr-FR\",\"@id\":\"https:\\\/\\\/aromacolors.pl\\\/#\\\/schema\\\/logo\\\/image\\\/\",\"url\":\"https:\\\/\\\/aromacolors.pl\\\/wp-content\\\/uploads\\\/2020\\\/03\\\/image001.png\",\"contentUrl\":\"https:\\\/\\\/aromacolors.pl\\\/wp-content\\\/uploads\\\/2020\\\/03\\\/image001.png\",\"width\":494,\"height\":154,\"caption\":\"Aromacolors Sp. z o.o.\"},\"image\":{\"@id\":\"https:\\\/\\\/aromacolors.pl\\\/#\\\/schema\\\/logo\\\/image\\\/\"}}]}<\/script>\n<!-- \/ Yoast SEO plugin. -->","yoast_head_json":{"title":"Politique de confidentialit\u00e9 - AromaColors","robots":{"index":"index","follow":"nofollow","max-snippet":"max-snippet:-1","max-image-preview":"max-image-preview:large","max-video-preview":"max-video-preview:-1"},"canonical":"https:\/\/aromacolors.pl\/fr\/politique-de-confidentialite\/","og_locale":"fr_FR","og_type":"article","og_title":"Politique de confidentialit\u00e9 - AromaColors","og_description":"Politique de confidentialit\u00e9 \u00a71 Pr\u00e9ambule La pr\u00e9sente Politique de Confidentialit\u00e9 d\u00e9finit les r\u00e8gles applicables au traitement des donn\u00e9es personnelles par le site web www.aromacolors.pl (ci-apr\u00e8s nomm\u00e9 \u00ab\u00a0le site\u00a0\u00bb). L\u2019administrateur des donn\u00e9es personnelles des Utilisateurs du site est\u00a0Aromacolors Sp. z o. o. ayant son si\u00e8ge social \u00e0 Wysogotowo, ul. Sk\u00f3rzewska 33, 62-081 Wysogotowo, NIP[1] 7811959875, KRS[2] &hellip; Continuer la lecture de &laquo;&nbsp;Politique de confidentialit\u00e9&nbsp;&raquo;","og_url":"https:\/\/aromacolors.pl\/fr\/politique-de-confidentialite\/","og_site_name":"AromaColors","article_modified_time":"2020-04-20T17:44:17+00:00","twitter_card":"summary_large_image","twitter_misc":{"Dur\u00e9e de lecture estim\u00e9e":"8 minutes"},"schema":{"@context":"https:\/\/schema.org","@graph":[{"@type":"WebPage","@id":"https:\/\/aromacolors.pl\/fr\/politique-de-confidentialite\/","url":"https:\/\/aromacolors.pl\/fr\/politique-de-confidentialite\/","name":"Politique de confidentialit\u00e9 - AromaColors","isPartOf":{"@id":"https:\/\/aromacolors.pl\/#website"},"datePublished":"2020-04-09T17:25:47+00:00","dateModified":"2020-04-20T17:44:17+00:00","breadcrumb":{"@id":"https:\/\/aromacolors.pl\/fr\/politique-de-confidentialite\/#breadcrumb"},"inLanguage":"fr-FR","potentialAction":[{"@type":"ReadAction","target":["https:\/\/aromacolors.pl\/fr\/politique-de-confidentialite\/"]}]},{"@type":"BreadcrumbList","@id":"https:\/\/aromacolors.pl\/fr\/politique-de-confidentialite\/#breadcrumb","itemListElement":[{"@type":"ListItem","position":1,"name":"Strona g\u0142\u00f3wna","item":"https:\/\/aromacolors.pl\/"},{"@type":"ListItem","position":2,"name":"Politique de confidentialit\u00e9"}]},{"@type":"WebSite","@id":"https:\/\/aromacolors.pl\/#website","url":"https:\/\/aromacolors.pl\/","name":"AromaColors","description":"Smaki i kolory natury","publisher":{"@id":"https:\/\/aromacolors.pl\/#organization"},"potentialAction":[{"@type":"SearchAction","target":{"@type":"EntryPoint","urlTemplate":"https:\/\/aromacolors.pl\/?s={search_term_string}"},"query-input":{"@type":"PropertyValueSpecification","valueRequired":true,"valueName":"search_term_string"}}],"inLanguage":"fr-FR"},{"@type":"Organization","@id":"https:\/\/aromacolors.pl\/#organization","name":"Aromacolors Sp. z o.o.","url":"https:\/\/aromacolors.pl\/","logo":{"@type":"ImageObject","inLanguage":"fr-FR","@id":"https:\/\/aromacolors.pl\/#\/schema\/logo\/image\/","url":"https:\/\/aromacolors.pl\/wp-content\/uploads\/2020\/03\/image001.png","contentUrl":"https:\/\/aromacolors.pl\/wp-content\/uploads\/2020\/03\/image001.png","width":494,"height":154,"caption":"Aromacolors Sp. z o.o."},"image":{"@id":"https:\/\/aromacolors.pl\/#\/schema\/logo\/image\/"}}]}},"_links":{"self":[{"href":"https:\/\/aromacolors.pl\/fr\/wp-json\/wp\/v2\/pages\/806","targetHints":{"allow":["GET"]}}],"collection":[{"href":"https:\/\/aromacolors.pl\/fr\/wp-json\/wp\/v2\/pages"}],"about":[{"href":"https:\/\/aromacolors.pl\/fr\/wp-json\/wp\/v2\/types\/page"}],"author":[{"embeddable":true,"href":"https:\/\/aromacolors.pl\/fr\/wp-json\/wp\/v2\/users\/1"}],"replies":[{"embeddable":true,"href":"https:\/\/aromacolors.pl\/fr\/wp-json\/wp\/v2\/comments?post=806"}],"version-history":[{"count":3,"href":"https:\/\/aromacolors.pl\/fr\/wp-json\/wp\/v2\/pages\/806\/revisions"}],"predecessor-version":[{"id":954,"href":"https:\/\/aromacolors.pl\/fr\/wp-json\/wp\/v2\/pages\/806\/revisions\/954"}],"wp:attachment":[{"href":"https:\/\/aromacolors.pl\/fr\/wp-json\/wp\/v2\/media?parent=806"}],"curies":[{"name":"wp","href":"https:\/\/api.w.org\/{rel}","templated":true}]}}